{"id":2077,"date":"2020-04-13T16:47:12","date_gmt":"2020-04-13T14:47:12","guid":{"rendered":"https:\/\/medsevens.fr\/mon-compte\/"},"modified":"2024-05-22T15:05:26","modified_gmt":"2024-05-22T13:05:26","slug":"mon-compte","status":"publish","type":"page","link":"https:\/\/medsevens.fr\/en\/mon-compte\/","title":{"rendered":"Mon compte"},"content":{"rendered":"<div class=\"woocommerce\"><\/div>","protected":false},"excerpt":{"rendered":"","protected":false},"author":1,"featured_media":0,"parent":0,"menu_order":0,"comment_status":"closed","ping_status":"closed","template":"","meta":{"footnotes":""},"class_list":["post-2077","page","type-page","status-publish","hentry"],"yoast_head":"<!-- This site is optimized with the Yoast SEO plugin v27.4 - https:\/\/yoast.com\/product\/yoast-seo-wordpress\/ -->\n<title>Mon compte - Esprit Sud Sevens<\/title>\n<meta name=\"description\" content=\"Esprit Sud Sevens est un club de rugby \u00e0 7 bas\u00e9 en Occitanie. En plus d&#039;avoir deux \u00e9quipes f\u00e9minine et Masculine \u00e9voluant au plus au niveau, ES7 organise des tournois nationaux et europ\u00e9ens de rugby \u00e0 7 : Med Sevens et Winter Sevens.\" \/>\n<meta name=\"robots\" content=\"index, follow, max-snippet:-1, max-image-preview:large, max-video-preview:-1\" \/>\n<link rel=\"canonical\" href=\"https:\/\/medsevens.fr\/en\/mon-compte\/\" \/>\n<meta property=\"og:locale\" content=\"en_GB\" \/>\n<meta property=\"og:type\" content=\"article\" \/>\n<meta property=\"og:title\" content=\"Mon compte - Esprit Sud Sevens\" \/>\n<meta property=\"og:description\" content=\"Esprit Sud Sevens est un club de rugby \u00e0 7 bas\u00e9 en Occitanie. En plus d&#039;avoir deux \u00e9quipes f\u00e9minine et Masculine \u00e9voluant au plus au niveau, ES7 organise des tournois nationaux et europ\u00e9ens de rugby \u00e0 7 : Med Sevens et Winter Sevens.\" \/>\n<meta property=\"og:url\" content=\"https:\/\/medsevens.fr\/en\/mon-compte\/\" \/>\n<meta property=\"og:site_name\" content=\"Esprit Sud Sevens\" \/>\n<meta property=\"article:publisher\" content=\"https:\/\/www.facebook.com\/espritsudsevens\/\" \/>\n<meta property=\"article:modified_time\" content=\"2024-05-22T13:05:26+00:00\" \/>\n<meta name=\"twitter:card\" content=\"summary_large_image\" \/>\n<meta name=\"twitter:site\" content=\"@espritsud7\" \/>\n<script type=\"application\/ld+json\" class=\"yoast-schema-graph\">{\"@context\":\"https:\\\/\\\/schema.org\",\"@graph\":[{\"@type\":\"WebPage\",\"@id\":\"https:\\\/\\\/medsevens.fr\\\/mon-compte\\\/\",\"url\":\"https:\\\/\\\/medsevens.fr\\\/mon-compte\\\/\",\"name\":\"Mon compte - Esprit Sud Sevens\",\"isPartOf\":{\"@id\":\"https:\\\/\\\/medsevens.fr\\\/#website\"},\"datePublished\":\"2020-04-13T14:47:12+00:00\",\"dateModified\":\"2024-05-22T13:05:26+00:00\",\"description\":\"Esprit Sud Sevens est un club de rugby \u00e0 7 bas\u00e9 en Occitanie. En plus d'avoir deux \u00e9quipes f\u00e9minine et Masculine \u00e9voluant au plus au niveau, ES7 organise des tournois nationaux et europ\u00e9ens de rugby \u00e0 7 : Med Sevens et Winter Sevens.\",\"breadcrumb\":{\"@id\":\"https:\\\/\\\/medsevens.fr\\\/mon-compte\\\/#breadcrumb\"},\"inLanguage\":\"en-GB\",\"potentialAction\":[{\"@type\":\"ReadAction\",\"target\":[\"https:\\\/\\\/medsevens.fr\\\/mon-compte\\\/\"]}]},{\"@type\":\"BreadcrumbList\",\"@id\":\"https:\\\/\\\/medsevens.fr\\\/mon-compte\\\/#breadcrumb\",\"itemListElement\":[{\"@type\":\"ListItem\",\"position\":1,\"name\":\"Home\",\"item\":\"https:\\\/\\\/medsevens.fr\\\/\"},{\"@type\":\"ListItem\",\"position\":2,\"name\":\"Mon compte\"}]},{\"@type\":\"WebSite\",\"@id\":\"https:\\\/\\\/medsevens.fr\\\/#website\",\"url\":\"https:\\\/\\\/medsevens.fr\\\/\",\"name\":\"Esprit Sud Sevens\",\"description\":\"Sea, Sun and Sevens\",\"publisher\":{\"@id\":\"https:\\\/\\\/medsevens.fr\\\/#organization\"},\"potentialAction\":[{\"@type\":\"SearchAction\",\"target\":{\"@type\":\"EntryPoint\",\"urlTemplate\":\"https:\\\/\\\/medsevens.fr\\\/?s={search_term_string}\"},\"query-input\":{\"@type\":\"PropertyValueSpecification\",\"valueRequired\":true,\"valueName\":\"search_term_string\"}}],\"inLanguage\":\"en-GB\"},{\"@type\":\"Organization\",\"@id\":\"https:\\\/\\\/medsevens.fr\\\/#organization\",\"name\":\"Esprit Sud Sevenes\",\"url\":\"https:\\\/\\\/medsevens.fr\\\/\",\"logo\":{\"@type\":\"ImageObject\",\"inLanguage\":\"en-GB\",\"@id\":\"https:\\\/\\\/medsevens.fr\\\/#\\\/schema\\\/logo\\\/image\\\/\",\"url\":\"https:\\\/\\\/medsevens.fr\\\/wp-content\\\/uploads\\\/2020\\\/04\\\/Sans-titre-1.png\",\"contentUrl\":\"https:\\\/\\\/medsevens.fr\\\/wp-content\\\/uploads\\\/2020\\\/04\\\/Sans-titre-1.png\",\"width\":150,\"height\":150,\"caption\":\"Esprit Sud Sevenes\"},\"image\":{\"@id\":\"https:\\\/\\\/medsevens.fr\\\/#\\\/schema\\\/logo\\\/image\\\/\"},\"sameAs\":[\"https:\\\/\\\/www.facebook.com\\\/espritsudsevens\\\/\",\"https:\\\/\\\/x.com\\\/espritsud7\",\"https:\\\/\\\/www.instagram.com\\\/espritsudsevens\\\/\",\"https:\\\/\\\/www.linkedin.com\\\/company\\\/46645187\\\/\",\"https:\\\/\\\/www.youtube.com\\\/channel\\\/UCLxo6q7LE_zP7fVXGtgvvtQ\"]}]}<\/script>\n<!-- \/ Yoast SEO plugin. -->","yoast_head_json":{"title":"Mon compte - Esprit Sud Sevens","description":"Esprit Sud Sevens est un club de rugby \u00e0 7 bas\u00e9 en Occitanie. En plus d'avoir deux \u00e9quipes f\u00e9minine et Masculine \u00e9voluant au plus au niveau, ES7 organise des tournois nationaux et europ\u00e9ens de rugby \u00e0 7 : Med Sevens et Winter Sevens.","robots":{"index":"index","follow":"follow","max-snippet":"max-snippet:-1","max-image-preview":"max-image-preview:large","max-video-preview":"max-video-preview:-1"},"canonical":"https:\/\/medsevens.fr\/en\/mon-compte\/","og_locale":"en_GB","og_type":"article","og_title":"Mon compte - Esprit Sud Sevens","og_description":"Esprit Sud Sevens est un club de rugby \u00e0 7 bas\u00e9 en Occitanie. En plus d'avoir deux \u00e9quipes f\u00e9minine et Masculine \u00e9voluant au plus au niveau, ES7 organise des tournois nationaux et europ\u00e9ens de rugby \u00e0 7 : Med Sevens et Winter Sevens.","og_url":"https:\/\/medsevens.fr\/en\/mon-compte\/","og_site_name":"Esprit Sud Sevens","article_publisher":"https:\/\/www.facebook.com\/espritsudsevens\/","article_modified_time":"2024-05-22T13:05:26+00:00","twitter_card":"summary_large_image","twitter_site":"@espritsud7","schema":{"@context":"https:\/\/schema.org","@graph":[{"@type":"WebPage","@id":"https:\/\/medsevens.fr\/mon-compte\/","url":"https:\/\/medsevens.fr\/mon-compte\/","name":"Mon compte - Esprit Sud Sevens","isPartOf":{"@id":"https:\/\/medsevens.fr\/#website"},"datePublished":"2020-04-13T14:47:12+00:00","dateModified":"2024-05-22T13:05:26+00:00","description":"Esprit Sud Sevens est un club de rugby \u00e0 7 bas\u00e9 en Occitanie. En plus d'avoir deux \u00e9quipes f\u00e9minine et Masculine \u00e9voluant au plus au niveau, ES7 organise des tournois nationaux et europ\u00e9ens de rugby \u00e0 7 : Med Sevens et Winter Sevens.","breadcrumb":{"@id":"https:\/\/medsevens.fr\/mon-compte\/#breadcrumb"},"inLanguage":"en-GB","potentialAction":[{"@type":"ReadAction","target":["https:\/\/medsevens.fr\/mon-compte\/"]}]},{"@type":"BreadcrumbList","@id":"https:\/\/medsevens.fr\/mon-compte\/#breadcrumb","itemListElement":[{"@type":"ListItem","position":1,"name":"Home","item":"https:\/\/medsevens.fr\/"},{"@type":"ListItem","position":2,"name":"Mon compte"}]},{"@type":"WebSite","@id":"https:\/\/medsevens.fr\/#website","url":"https:\/\/medsevens.fr\/","name":"Esprit Sud Sevens","description":"Sea, Sun and Sevens","publisher":{"@id":"https:\/\/medsevens.fr\/#organization"},"potentialAction":[{"@type":"SearchAction","target":{"@type":"EntryPoint","urlTemplate":"https:\/\/medsevens.fr\/?s={search_term_string}"},"query-input":{"@type":"PropertyValueSpecification","valueRequired":true,"valueName":"search_term_string"}}],"inLanguage":"en-GB"},{"@type":"Organization","@id":"https:\/\/medsevens.fr\/#organization","name":"Esprit Sud Sevenes","url":"https:\/\/medsevens.fr\/","logo":{"@type":"ImageObject","inLanguage":"en-GB","@id":"https:\/\/medsevens.fr\/#\/schema\/logo\/image\/","url":"https:\/\/medsevens.fr\/wp-content\/uploads\/2020\/04\/Sans-titre-1.png","contentUrl":"https:\/\/medsevens.fr\/wp-content\/uploads\/2020\/04\/Sans-titre-1.png","width":150,"height":150,"caption":"Esprit Sud Sevenes"},"image":{"@id":"https:\/\/medsevens.fr\/#\/schema\/logo\/image\/"},"sameAs":["https:\/\/www.facebook.com\/espritsudsevens\/","https:\/\/x.com\/espritsud7","https:\/\/www.instagram.com\/espritsudsevens\/","https:\/\/www.linkedin.com\/company\/46645187\/","https:\/\/www.youtube.com\/channel\/UCLxo6q7LE_zP7fVXGtgvvtQ"]}]}},"jetpack_sharing_enabled":true,"_links":{"self":[{"href":"https:\/\/medsevens.fr\/en\/wp-json\/wp\/v2\/pages\/2077","targetHints":{"allow":["GET"]}}],"collection":[{"href":"https:\/\/medsevens.fr\/en\/wp-json\/wp\/v2\/pages"}],"about":[{"href":"https:\/\/medsevens.fr\/en\/wp-json\/wp\/v2\/types\/page"}],"author":[{"embeddable":true,"href":"https:\/\/medsevens.fr\/en\/wp-json\/wp\/v2\/users\/1"}],"replies":[{"embeddable":true,"href":"https:\/\/medsevens.fr\/en\/wp-json\/wp\/v2\/comments?post=2077"}],"version-history":[{"count":1,"href":"https:\/\/medsevens.fr\/en\/wp-json\/wp\/v2\/pages\/2077\/revisions"}],"predecessor-version":[{"id":7287,"href":"https:\/\/medsevens.fr\/en\/wp-json\/wp\/v2\/pages\/2077\/revisions\/7287"}],"wp:attachment":[{"href":"https:\/\/medsevens.fr\/en\/wp-json\/wp\/v2\/media?parent=2077"}],"curies":[{"name":"wp","href":"https:\/\/api.w.org\/{rel}","templated":true}]}}