{"id":420,"date":"2017-06-30T14:18:30","date_gmt":"2017-06-30T14:18:30","guid":{"rendered":"http:\/\/berzek.tonytemplates.com\/football\/?page_id=2"},"modified":"2025-05-05T12:20:14","modified_gmt":"2025-05-05T10:20:14","slug":"accueil","status":"publish","type":"page","link":"https:\/\/medsevens.fr\/en\/","title":{"rendered":"Accueil"},"content":{"rendered":"<div data-elementor-type=\"wp-page\" data-elementor-id=\"420\" class=\"elementor elementor-420\">\n\t\t\t\t\t\t<section class=\"elementor-section elementor-top-section elementor-element elementor-element-72b20df5 elementor-section-stretched elementor-section-height-full elementor-section-content-middle elementor-section-full_width elementor-section-height-default elementor-section-items-middle\" data-id=\"72b20df5\" data-element_type=\"section\" data-e-type=\"section\" data-settings=\"{&quot;stretch_section&quot;:&quot;section-stretched&quot;,&quot;background_background&quot;:&quot;video&quot;,&quot;background_video_link&quot;:&quot;https:\\\/\\\/www.youtube.com\\\/watch?v=IAzxbbC01-o&quot;,&quot;background_video_start&quot;:0,&quot;background_video_end&quot;:60}\">\n\t\t\t\t\t\t\t\t<div class=\"elementor-background-video-container elementor-hidden-mobile\">\n\t\t\t\t\t\t\t\t\t\t\t\t\t<div class=\"elementor-background-video-embed\" role=\"presentation\"><\/div>\n\t\t\t\t\t\t\t\t\t\t\t\t<\/div>\n\t\t\t\t\t\t\t\t\t<div class=\"elementor-background-overlay\"><\/div>\n\t\t\t\t\t\t\t<div class=\"elementor-container elementor-column-gap-default\">\n\t\t\t\t\t<div class=\"elementor-column elementor-col-100 elementor-top-column elementor-element elementor-element-50b8a2f9\" data-id=\"50b8a2f9\" data-element_type=\"column\" data-e-type=\"column\">\n\t\t\t<div class=\"elementor-widget-wrap elementor-element-populated\">\n\t\t\t\t\t\t<div class=\"elementor-element elementor-element-a89a3cb elementor-widget elementor-widget-image\" data-id=\"a89a3cb\" data-element_type=\"widget\" data-e-type=\"widget\" data-widget_type=\"image.default\">\n\t\t\t\t<div class=\"elementor-widget-container\">\n\t\t\t\t\t\t\t\t\t\t\t\t\t\t\t<img decoding=\"async\" width=\"150\" height=\"150\" src=\"https:\/\/medsevens.fr\/wp-content\/uploads\/2020\/04\/Sans-titre-1-150x150.png\" class=\"attachment-thumbnail size-thumbnail wp-image-2382\" alt=\"Logo ES7 permet d&#039;enrichir la page d&#039;accueil et placer une image forte sur l&#039;association Esprit Sud Sevens.\" srcset=\"https:\/\/medsevens.fr\/wp-content\/uploads\/2020\/04\/Sans-titre-1.png 150w, https:\/\/medsevens.fr\/wp-content\/uploads\/2020\/04\/Sans-titre-1-100x100.png 100w\" sizes=\"(max-width: 150px) 100vw, 150px\" \/>\t\t\t\t\t\t\t\t\t\t\t\t\t\t\t<\/div>\n\t\t\t\t<\/div>\n\t\t\t\t<div class=\"elementor-element elementor-element-7e90601e elementor-invisible elementor-widget elementor-widget-heading\" data-id=\"7e90601e\" data-element_type=\"widget\" data-e-type=\"widget\" data-settings=\"{&quot;_animation&quot;:&quot;zoomIn&quot;}\" data-widget_type=\"heading.default\">\n\t\t\t\t<div class=\"elementor-widget-container\">\n\t\t\t\t\t<h1 class=\"elementor-heading-title elementor-size-default\">Association <br>ESPRIT SUD SEVENS<\/h1>\t\t\t\t<\/div>\n\t\t\t\t<\/div>\n\t\t\t\t<div class=\"elementor-element elementor-element-5e3ca65 elementor-widget-divider--view-line elementor-widget elementor-widget-divider\" data-id=\"5e3ca65\" data-element_type=\"widget\" data-e-type=\"widget\" data-widget_type=\"divider.default\">\n\t\t\t\t<div class=\"elementor-widget-container\">\n\t\t\t\t\t\t\t<div class=\"elementor-divider\">\n\t\t\t<span class=\"elementor-divider-separator\">\n\t\t\t\t\t\t<\/span>\n\t\t<\/div>\n\t\t\t\t\t\t<\/div>\n\t\t\t\t<\/div>\n\t\t\t\t<div class=\"elementor-element elementor-element-6fc366ac elementor-align-center elementor-invisible elementor-widget elementor-widget-button\" data-id=\"6fc366ac\" data-element_type=\"widget\" data-e-type=\"widget\" data-settings=\"{&quot;_animation&quot;:&quot;fadeInUp&quot;}\" data-widget_type=\"button.default\">\n\t\t\t\t<div class=\"elementor-widget-container\">\n\t\t\t\t\t\t\t\t\t<div class=\"elementor-button-wrapper\">\n\t\t\t\t\t<a class=\"elementor-button elementor-button-link elementor-size-sm elementor-animation-sink\" href=\"https:\/\/medsevens.fr\/en\/accueil\/association\/\" id=\"https:\/\/medsevens.fr\/esprit-sud-sevens\/\">\n\t\t\t\t\t\t<span class=\"elementor-button-content-wrapper\">\n\t\t\t\t\t\t\t\t\t<span class=\"elementor-button-text\">d\u00e9couvrez notre club de rugby \u00e0 7<\/span>\n\t\t\t\t\t<\/span>\n\t\t\t\t\t<\/a>\n\t\t\t\t<\/div>\n\t\t\t\t\t\t\t\t<\/div>\n\t\t\t\t<\/div>\n\t\t\t\t\t<\/div>\n\t\t<\/div>\n\t\t\t\t\t<\/div>\n\t\t<\/section>\n\t\t\t\t<section class=\"elementor-section elementor-top-section elementor-element elementor-element-1f1f2b8 elementor-section-stretched elementor-section-height-full elementor-section-content-middle elementor-section-boxed elementor-section-height-default elementor-section-items-middle\" data-id=\"1f1f2b8\" data-element_type=\"section\" data-e-type=\"section\" data-settings=\"{&quot;stretch_section&quot;:&quot;section-stretched&quot;,&quot;background_background&quot;:&quot;video&quot;,&quot;background_video_link&quot;:&quot;https:\\\/\\\/www.youtube.com\\\/watch?v=WRRqksysW44&quot;,&quot;background_video_start&quot;:0,&quot;background_video_end&quot;:45}\">\n\t\t\t\t\t\t\t\t<div class=\"elementor-background-video-container elementor-hidden-mobile\">\n\t\t\t\t\t\t\t\t\t\t\t\t\t<div class=\"elementor-background-video-embed\" role=\"presentation\"><\/div>\n\t\t\t\t\t\t\t\t\t\t\t\t<\/div>\n\t\t\t\t\t\t\t\t\t<div class=\"elementor-background-overlay\"><\/div>\n\t\t\t\t\t\t\t<div class=\"elementor-container elementor-column-gap-default\">\n\t\t\t\t\t<div class=\"elementor-column elementor-col-100 elementor-top-column elementor-element elementor-element-861abc6\" data-id=\"861abc6\" data-element_type=\"column\" data-e-type=\"column\">\n\t\t\t<div class=\"elementor-widget-wrap elementor-element-populated\">\n\t\t\t\t\t\t<section class=\"elementor-section elementor-inner-section elementor-element elementor-element-62a1563 elementor-hidden-phone elementor-section-boxed elementor-section-height-default elementor-section-height-default\" data-id=\"62a1563\" data-element_type=\"section\" data-e-type=\"section\">\n\t\t\t\t\t\t<div class=\"elementor-container elementor-column-gap-default\">\n\t\t\t\t\t<div class=\"elementor-column elementor-col-33 elementor-inner-column elementor-element elementor-element-04827e7\" data-id=\"04827e7\" data-element_type=\"column\" data-e-type=\"column\">\n\t\t\t<div class=\"elementor-widget-wrap elementor-element-populated\">\n\t\t\t\t\t\t<div class=\"elementor-element elementor-element-a72716a elementor-widget elementor-widget-image\" data-id=\"a72716a\" data-element_type=\"widget\" data-e-type=\"widget\" data-widget_type=\"image.default\">\n\t\t\t\t<div class=\"elementor-widget-container\">\n\t\t\t\t\t\t\t\t\t\t\t\t\t\t\t\t<a href=\"https:\/\/medsevens.fr\/en\/association-esprit-sud-sevens\/les-tournois\/winter-sevens\/\">\n\t\t\t\t\t\t\t<img decoding=\"async\" src=\"https:\/\/medsevens.fr\/wp-content\/uploads\/elementor\/thumbs\/LOGO_WINTER_BYES7-oqt2jgz7zzmumondqnxjzv1s1oh7e3nevvpipifmu4.png\" title=\"LOGO_WINTER_BYES7\" alt=\"Logo du WinterSevens, permet d&#039;illustrer ce tournoi \u00e0 envergure europ\u00e9en organis\u00e9e par l&#039;association Esprit Sud Sevens\" loading=\"lazy\" \/>\t\t\t\t\t\t\t\t<\/a>\n\t\t\t\t\t\t\t\t\t\t\t\t\t\t\t<\/div>\n\t\t\t\t<\/div>\n\t\t\t\t\t<\/div>\n\t\t<\/div>\n\t\t\t\t<div class=\"elementor-column elementor-col-33 elementor-inner-column elementor-element elementor-element-43c6525\" data-id=\"43c6525\" data-element_type=\"column\" data-e-type=\"column\">\n\t\t\t<div class=\"elementor-widget-wrap elementor-element-populated\">\n\t\t\t\t\t\t<div class=\"elementor-element elementor-element-38c1de5 elementor-widget elementor-widget-image\" data-id=\"38c1de5\" data-element_type=\"widget\" data-e-type=\"widget\" data-widget_type=\"image.default\">\n\t\t\t\t<div class=\"elementor-widget-container\">\n\t\t\t\t\t\t\t\t\t\t\t\t\t\t\t\t<a href=\"https:\/\/www.springsevensfestival.fr\/\">\n\t\t\t\t\t\t\t<img decoding=\"async\" src=\"https:\/\/medsevens.fr\/wp-content\/uploads\/elementor\/thumbs\/LOGO-CACHE-COU-1-qt9nq5a9i9jehk1f9tk0m5ck3po4rja99r8ti2qxm8.png\" title=\"Logo Spring Sevens Festival\" alt=\"Logo Spring Sevens Festival\" loading=\"lazy\" \/>\t\t\t\t\t\t\t\t<\/a>\n\t\t\t\t\t\t\t\t\t\t\t\t\t\t\t<\/div>\n\t\t\t\t<\/div>\n\t\t\t\t\t<\/div>\n\t\t<\/div>\n\t\t\t\t<div class=\"elementor-column elementor-col-33 elementor-inner-column elementor-element elementor-element-0c7611d\" data-id=\"0c7611d\" data-element_type=\"column\" data-e-type=\"column\">\n\t\t\t<div class=\"elementor-widget-wrap elementor-element-populated\">\n\t\t\t\t\t\t<div class=\"elementor-element elementor-element-8dc77f2 elementor-widget elementor-widget-image\" data-id=\"8dc77f2\" data-element_type=\"widget\" data-e-type=\"widget\" data-widget_type=\"image.default\">\n\t\t\t\t<div class=\"elementor-widget-container\">\n\t\t\t\t\t\t\t\t\t\t\t\t\t\t\t\t<a href=\"https:\/\/medsevens.fr\/en\/association-esprit-sud-sevens\/les-tournois\/med-sevens\/\">\n\t\t\t\t\t\t\t<img decoding=\"async\" src=\"https:\/\/medsevens.fr\/wp-content\/uploads\/elementor\/thumbs\/LOGO-CACHE-COU-qt9ndrqrisljo1r0z2u3mzd2kgikjlcltukg87r1g4.png\" title=\"Logo Med Sevens 2024\" alt=\"Logo Med Sevens 2024\" loading=\"lazy\" \/>\t\t\t\t\t\t\t\t<\/a>\n\t\t\t\t\t\t\t\t\t\t\t\t\t\t\t<\/div>\n\t\t\t\t<\/div>\n\t\t\t\t\t<\/div>\n\t\t<\/div>\n\t\t\t\t\t<\/div>\n\t\t<\/section>\n\t\t\t\t<div class=\"elementor-element elementor-element-18bb2f6 animated-slow elementor-invisible elementor-widget elementor-widget-heading\" data-id=\"18bb2f6\" data-element_type=\"widget\" data-e-type=\"widget\" data-settings=\"{&quot;_animation&quot;:&quot;fadeInUp&quot;}\" data-widget_type=\"heading.default\">\n\t\t\t\t<div class=\"elementor-widget-container\">\n\t\t\t\t\t<h2 class=\"elementor-heading-title elementor-size-default\"><br><br>Our events by the Esprit Sud Sevens Association <\/h2>\t\t\t\t<\/div>\n\t\t\t\t<\/div>\n\t\t\t\t<div class=\"elementor-element elementor-element-b2f9219 elementor-invisible elementor-widget elementor-widget-heading\" data-id=\"b2f9219\" data-element_type=\"widget\" data-e-type=\"widget\" data-settings=\"{&quot;_animation&quot;:&quot;zoomIn&quot;}\" data-widget_type=\"heading.default\">\n\t\t\t\t<div class=\"elementor-widget-container\">\n\t\t\t\t\t<h2 class=\"elementor-heading-title elementor-size-default\">Winter sevens<br>spring sevens Festival<br>MED SEVENS<br><\/h2>\t\t\t\t<\/div>\n\t\t\t\t<\/div>\n\t\t\t\t<div class=\"elementor-element elementor-element-41e7ec7 elementor-widget-divider--view-line elementor-widget elementor-widget-divider\" data-id=\"41e7ec7\" data-element_type=\"widget\" data-e-type=\"widget\" data-widget_type=\"divider.default\">\n\t\t\t\t<div class=\"elementor-widget-container\">\n\t\t\t\t\t\t\t<div class=\"elementor-divider\">\n\t\t\t<span class=\"elementor-divider-separator\">\n\t\t\t\t\t\t<\/span>\n\t\t<\/div>\n\t\t\t\t\t\t<\/div>\n\t\t\t\t<\/div>\n\t\t\t\t<div class=\"elementor-element elementor-element-7826a67 elementor-align-center elementor-invisible elementor-widget elementor-widget-button\" data-id=\"7826a67\" data-element_type=\"widget\" data-e-type=\"widget\" data-settings=\"{&quot;_animation&quot;:&quot;fadeInUp&quot;}\" data-widget_type=\"button.default\">\n\t\t\t\t<div class=\"elementor-widget-container\">\n\t\t\t\t\t\t\t\t\t<div class=\"elementor-button-wrapper\">\n\t\t\t\t\t<a class=\"elementor-button elementor-button-link elementor-size-sm elementor-animation-sink\" href=\"https:\/\/medsevens.fr\/en\/accueil\/med-sevens\/\" id=\"https:\/\/medsevens.fr\/les-tournois\/\">\n\t\t\t\t\t\t<span class=\"elementor-button-content-wrapper\">\n\t\t\t\t\t\t\t\t\t<span class=\"elementor-button-text\">d\u00e9couvrez nos tournois de rugby \u00e0 7<\/span>\n\t\t\t\t\t<\/span>\n\t\t\t\t\t<\/a>\n\t\t\t\t<\/div>\n\t\t\t\t\t\t\t\t<\/div>\n\t\t\t\t<\/div>\n\t\t\t\t\t<\/div>\n\t\t<\/div>\n\t\t\t\t\t<\/div>\n\t\t<\/section>\n\t\t\t\t<\/div>","protected":false},"excerpt":{"rendered":"<p>Association ESPRIT SUD SEVENS d\u00e9couvrez notre club de rugby \u00e0 7 Les \u00e9v\u00e8nements by l&#8217;association esprit sud sevens Winter sevensspring sevens FestivalMED SEVENS d\u00e9couvrez nos tournois de rugby \u00e0 7<\/p>","protected":false},"author":1,"featured_media":2382,"parent":0,"menu_order":0,"comment_status":"closed","ping_status":"closed","template":"elementor_canvas","meta":{"footnotes":""},"class_list":["post-420","page","type-page","status-publish","has-post-thumbnail","hentry"],"yoast_head":"<!-- This site is optimized with the Yoast SEO plugin v27.3 - https:\/\/yoast.com\/product\/yoast-seo-wordpress\/ -->\n<title>Accueil - Esprit Sud Sevens<\/title>\n<meta name=\"description\" content=\"Bienvenue sur le site l&#039;association Esprit Sud Sevens. ES7 est un club et un organisateur d&#039;\u00e9v\u00e8nements de Rugby \u00e0 7.\" \/>\n<meta name=\"robots\" content=\"index, follow, max-snippet:-1, max-image-preview:large, max-video-preview:-1\" \/>\n<link rel=\"canonical\" href=\"https:\/\/medsevens.fr\/en\/\" \/>\n<meta property=\"og:locale\" content=\"en_GB\" \/>\n<meta property=\"og:type\" content=\"article\" \/>\n<meta property=\"og:title\" content=\"Accueil - Esprit Sud Sevens\" \/>\n<meta property=\"og:description\" content=\"Bienvenue sur le site l&#039;association Esprit Sud Sevens. ES7 est un club et un organisateur d&#039;\u00e9v\u00e8nements de Rugby \u00e0 7.\" \/>\n<meta property=\"og:url\" content=\"https:\/\/medsevens.fr\/en\/\" \/>\n<meta property=\"og:site_name\" content=\"Esprit Sud Sevens\" \/>\n<meta property=\"article:publisher\" content=\"https:\/\/www.facebook.com\/espritsudsevens\/\" \/>\n<meta property=\"article:modified_time\" content=\"2025-05-05T10:20:14+00:00\" \/>\n<meta property=\"og:image\" content=\"https:\/\/medsevens.fr\/wp-content\/uploads\/2020\/04\/Sans-titre-1.png\" \/>\n\t<meta property=\"og:image:width\" content=\"150\" \/>\n\t<meta property=\"og:image:height\" content=\"150\" \/>\n\t<meta property=\"og:image:type\" content=\"image\/png\" \/>\n<meta name=\"twitter:card\" content=\"summary_large_image\" \/>\n<meta name=\"twitter:site\" content=\"@espritsud7\" \/>\n<meta name=\"twitter:label1\" content=\"Estimated reading time\" \/>\n\t<meta name=\"twitter:data1\" content=\"1 minute\" \/>\n<script type=\"application\/ld+json\" class=\"yoast-schema-graph\">{\"@context\":\"https:\\\/\\\/schema.org\",\"@graph\":[{\"@type\":\"WebPage\",\"@id\":\"https:\\\/\\\/medsevens.fr\\\/\",\"url\":\"https:\\\/\\\/medsevens.fr\\\/\",\"name\":\"Accueil - Esprit Sud Sevens\",\"isPartOf\":{\"@id\":\"https:\\\/\\\/medsevens.fr\\\/#website\"},\"primaryImageOfPage\":{\"@id\":\"https:\\\/\\\/medsevens.fr\\\/#primaryimage\"},\"image\":{\"@id\":\"https:\\\/\\\/medsevens.fr\\\/#primaryimage\"},\"thumbnailUrl\":\"https:\\\/\\\/medsevens.fr\\\/wp-content\\\/uploads\\\/2020\\\/04\\\/Sans-titre-1.png\",\"datePublished\":\"2017-06-30T14:18:30+00:00\",\"dateModified\":\"2025-05-05T10:20:14+00:00\",\"description\":\"Bienvenue sur le site l'association Esprit Sud Sevens. ES7 est un club et un organisateur d'\u00e9v\u00e8nements de Rugby \u00e0 7.\",\"breadcrumb\":{\"@id\":\"https:\\\/\\\/medsevens.fr\\\/#breadcrumb\"},\"inLanguage\":\"en-GB\",\"potentialAction\":[{\"@type\":\"ReadAction\",\"target\":[\"https:\\\/\\\/medsevens.fr\\\/\"]}]},{\"@type\":\"ImageObject\",\"inLanguage\":\"en-GB\",\"@id\":\"https:\\\/\\\/medsevens.fr\\\/#primaryimage\",\"url\":\"https:\\\/\\\/medsevens.fr\\\/wp-content\\\/uploads\\\/2020\\\/04\\\/Sans-titre-1.png\",\"contentUrl\":\"https:\\\/\\\/medsevens.fr\\\/wp-content\\\/uploads\\\/2020\\\/04\\\/Sans-titre-1.png\",\"width\":150,\"height\":150,\"caption\":\"Logo ES7 permet d'enrichir la page d'accueil et placer une image forte sur l'association Esprit Sud Sevens.\"},{\"@type\":\"BreadcrumbList\",\"@id\":\"https:\\\/\\\/medsevens.fr\\\/#breadcrumb\",\"itemListElement\":[{\"@type\":\"ListItem\",\"position\":1,\"name\":\"Home\",\"item\":\"https:\\\/\\\/medsevens.fr\\\/\"},{\"@type\":\"ListItem\",\"position\":2,\"name\":\"Accueil\"}]},{\"@type\":\"WebSite\",\"@id\":\"https:\\\/\\\/medsevens.fr\\\/#website\",\"url\":\"https:\\\/\\\/medsevens.fr\\\/\",\"name\":\"Esprit Sud Sevens\",\"description\":\"Sea, Sun and Sevens\",\"publisher\":{\"@id\":\"https:\\\/\\\/medsevens.fr\\\/#organization\"},\"potentialAction\":[{\"@type\":\"SearchAction\",\"target\":{\"@type\":\"EntryPoint\",\"urlTemplate\":\"https:\\\/\\\/medsevens.fr\\\/?s={search_term_string}\"},\"query-input\":{\"@type\":\"PropertyValueSpecification\",\"valueRequired\":true,\"valueName\":\"search_term_string\"}}],\"inLanguage\":\"en-GB\"},{\"@type\":\"Organization\",\"@id\":\"https:\\\/\\\/medsevens.fr\\\/#organization\",\"name\":\"Esprit Sud Sevenes\",\"url\":\"https:\\\/\\\/medsevens.fr\\\/\",\"logo\":{\"@type\":\"ImageObject\",\"inLanguage\":\"en-GB\",\"@id\":\"https:\\\/\\\/medsevens.fr\\\/#\\\/schema\\\/logo\\\/image\\\/\",\"url\":\"https:\\\/\\\/medsevens.fr\\\/wp-content\\\/uploads\\\/2020\\\/04\\\/Sans-titre-1.png\",\"contentUrl\":\"https:\\\/\\\/medsevens.fr\\\/wp-content\\\/uploads\\\/2020\\\/04\\\/Sans-titre-1.png\",\"width\":150,\"height\":150,\"caption\":\"Esprit Sud Sevenes\"},\"image\":{\"@id\":\"https:\\\/\\\/medsevens.fr\\\/#\\\/schema\\\/logo\\\/image\\\/\"},\"sameAs\":[\"https:\\\/\\\/www.facebook.com\\\/espritsudsevens\\\/\",\"https:\\\/\\\/x.com\\\/espritsud7\",\"https:\\\/\\\/www.instagram.com\\\/espritsudsevens\\\/\",\"https:\\\/\\\/www.linkedin.com\\\/company\\\/46645187\\\/\",\"https:\\\/\\\/www.youtube.com\\\/channel\\\/UCLxo6q7LE_zP7fVXGtgvvtQ\"]}]}<\/script>\n<!-- \/ Yoast SEO plugin. -->","yoast_head_json":{"title":"Accueil - Esprit Sud Sevens","description":"Bienvenue sur le site l'association Esprit Sud Sevens. ES7 est un club et un organisateur d'\u00e9v\u00e8nements de Rugby \u00e0 7.","robots":{"index":"index","follow":"follow","max-snippet":"max-snippet:-1","max-image-preview":"max-image-preview:large","max-video-preview":"max-video-preview:-1"},"canonical":"https:\/\/medsevens.fr\/en\/","og_locale":"en_GB","og_type":"article","og_title":"Accueil - Esprit Sud Sevens","og_description":"Bienvenue sur le site l'association Esprit Sud Sevens. ES7 est un club et un organisateur d'\u00e9v\u00e8nements de Rugby \u00e0 7.","og_url":"https:\/\/medsevens.fr\/en\/","og_site_name":"Esprit Sud Sevens","article_publisher":"https:\/\/www.facebook.com\/espritsudsevens\/","article_modified_time":"2025-05-05T10:20:14+00:00","og_image":[{"width":150,"height":150,"url":"https:\/\/medsevens.fr\/wp-content\/uploads\/2020\/04\/Sans-titre-1.png","type":"image\/png"}],"twitter_card":"summary_large_image","twitter_site":"@espritsud7","twitter_misc":{"Estimated reading time":"1 minute"},"schema":{"@context":"https:\/\/schema.org","@graph":[{"@type":"WebPage","@id":"https:\/\/medsevens.fr\/","url":"https:\/\/medsevens.fr\/","name":"Accueil - Esprit Sud Sevens","isPartOf":{"@id":"https:\/\/medsevens.fr\/#website"},"primaryImageOfPage":{"@id":"https:\/\/medsevens.fr\/#primaryimage"},"image":{"@id":"https:\/\/medsevens.fr\/#primaryimage"},"thumbnailUrl":"https:\/\/medsevens.fr\/wp-content\/uploads\/2020\/04\/Sans-titre-1.png","datePublished":"2017-06-30T14:18:30+00:00","dateModified":"2025-05-05T10:20:14+00:00","description":"Bienvenue sur le site l'association Esprit Sud Sevens. ES7 est un club et un organisateur d'\u00e9v\u00e8nements de Rugby \u00e0 7.","breadcrumb":{"@id":"https:\/\/medsevens.fr\/#breadcrumb"},"inLanguage":"en-GB","potentialAction":[{"@type":"ReadAction","target":["https:\/\/medsevens.fr\/"]}]},{"@type":"ImageObject","inLanguage":"en-GB","@id":"https:\/\/medsevens.fr\/#primaryimage","url":"https:\/\/medsevens.fr\/wp-content\/uploads\/2020\/04\/Sans-titre-1.png","contentUrl":"https:\/\/medsevens.fr\/wp-content\/uploads\/2020\/04\/Sans-titre-1.png","width":150,"height":150,"caption":"Logo ES7 permet d'enrichir la page d'accueil et placer une image forte sur l'association Esprit Sud Sevens."},{"@type":"BreadcrumbList","@id":"https:\/\/medsevens.fr\/#breadcrumb","itemListElement":[{"@type":"ListItem","position":1,"name":"Home","item":"https:\/\/medsevens.fr\/"},{"@type":"ListItem","position":2,"name":"Accueil"}]},{"@type":"WebSite","@id":"https:\/\/medsevens.fr\/#website","url":"https:\/\/medsevens.fr\/","name":"Esprit Sud Sevens","description":"Sea, Sun and Sevens","publisher":{"@id":"https:\/\/medsevens.fr\/#organization"},"potentialAction":[{"@type":"SearchAction","target":{"@type":"EntryPoint","urlTemplate":"https:\/\/medsevens.fr\/?s={search_term_string}"},"query-input":{"@type":"PropertyValueSpecification","valueRequired":true,"valueName":"search_term_string"}}],"inLanguage":"en-GB"},{"@type":"Organization","@id":"https:\/\/medsevens.fr\/#organization","name":"Esprit Sud Sevenes","url":"https:\/\/medsevens.fr\/","logo":{"@type":"ImageObject","inLanguage":"en-GB","@id":"https:\/\/medsevens.fr\/#\/schema\/logo\/image\/","url":"https:\/\/medsevens.fr\/wp-content\/uploads\/2020\/04\/Sans-titre-1.png","contentUrl":"https:\/\/medsevens.fr\/wp-content\/uploads\/2020\/04\/Sans-titre-1.png","width":150,"height":150,"caption":"Esprit Sud Sevenes"},"image":{"@id":"https:\/\/medsevens.fr\/#\/schema\/logo\/image\/"},"sameAs":["https:\/\/www.facebook.com\/espritsudsevens\/","https:\/\/x.com\/espritsud7","https:\/\/www.instagram.com\/espritsudsevens\/","https:\/\/www.linkedin.com\/company\/46645187\/","https:\/\/www.youtube.com\/channel\/UCLxo6q7LE_zP7fVXGtgvvtQ"]}]}},"jetpack_sharing_enabled":true,"_links":{"self":[{"href":"https:\/\/medsevens.fr\/en\/wp-json\/wp\/v2\/pages\/420","targetHints":{"allow":["GET"]}}],"collection":[{"href":"https:\/\/medsevens.fr\/en\/wp-json\/wp\/v2\/pages"}],"about":[{"href":"https:\/\/medsevens.fr\/en\/wp-json\/wp\/v2\/types\/page"}],"author":[{"embeddable":true,"href":"https:\/\/medsevens.fr\/en\/wp-json\/wp\/v2\/users\/1"}],"replies":[{"embeddable":true,"href":"https:\/\/medsevens.fr\/en\/wp-json\/wp\/v2\/comments?post=420"}],"version-history":[{"count":45,"href":"https:\/\/medsevens.fr\/en\/wp-json\/wp\/v2\/pages\/420\/revisions"}],"predecessor-version":[{"id":7650,"href":"https:\/\/medsevens.fr\/en\/wp-json\/wp\/v2\/pages\/420\/revisions\/7650"}],"wp:featuredmedia":[{"embeddable":true,"href":"https:\/\/medsevens.fr\/en\/wp-json\/wp\/v2\/media\/2382"}],"wp:attachment":[{"href":"https:\/\/medsevens.fr\/en\/wp-json\/wp\/v2\/media?parent=420"}],"curies":[{"name":"wp","href":"https:\/\/api.w.org\/{rel}","templated":true}]}}