{"id":6762,"date":"2024-04-30T10:57:17","date_gmt":"2024-04-30T08:57:17","guid":{"rendered":"https:\/\/medsevens.fr\/?page_id=6762"},"modified":"2024-04-30T12:14:32","modified_gmt":"2024-04-30T10:14:32","slug":"academy","status":"publish","type":"page","link":"https:\/\/medsevens.fr\/en\/accueil\/association\/academy\/","title":{"rendered":"Academy"},"content":{"rendered":"<div data-elementor-type=\"wp-page\" data-elementor-id=\"6762\" class=\"elementor elementor-6762\">\n\t\t\t\t\t\t<section class=\"elementor-section elementor-top-section elementor-element elementor-element-d1309d0 elementor-section-full_width elementor-section-height-min-height elementor-section-height-default elementor-section-items-middle\" data-id=\"d1309d0\" data-element_type=\"section\" data-e-type=\"section\" data-settings=\"{&quot;background_background&quot;:&quot;classic&quot;}\">\n\t\t\t\t\t\t\t<div class=\"elementor-background-overlay\"><\/div>\n\t\t\t\t\t\t\t<div class=\"elementor-container elementor-column-gap-no\">\n\t\t\t\t\t<div class=\"elementor-column elementor-col-100 elementor-top-column elementor-element elementor-element-a8f7ebe\" data-id=\"a8f7ebe\" data-element_type=\"column\" data-e-type=\"column\">\n\t\t\t<div class=\"elementor-widget-wrap elementor-element-populated\">\n\t\t\t\t\t\t<div class=\"elementor-element elementor-element-a0fa78b elementor-widget elementor-widget-heading\" data-id=\"a0fa78b\" data-element_type=\"widget\" data-e-type=\"widget\" data-widget_type=\"heading.default\">\n\t\t\t\t<div class=\"elementor-widget-container\">\n\t\t\t\t\t<h1 class=\"elementor-heading-title elementor-size-default\">ACADEMY<\/h1>\t\t\t\t<\/div>\n\t\t\t\t<\/div>\n\t\t\t\t<div class=\"elementor-element elementor-element-bf72a35 elementor-view-default elementor-widget elementor-widget-icon\" data-id=\"bf72a35\" data-element_type=\"widget\" data-e-type=\"widget\" data-widget_type=\"icon.default\">\n\t\t\t\t<div class=\"elementor-widget-container\">\n\t\t\t\t\t\t\t<div class=\"elementor-icon-wrapper\">\n\t\t\t<div class=\"elementor-icon\">\n\t\t\t<i aria-hidden=\"true\" class=\"fas fa-angle-down\"><\/i>\t\t\t<\/div>\n\t\t<\/div>\n\t\t\t\t\t\t<\/div>\n\t\t\t\t<\/div>\n\t\t\t\t\t<\/div>\n\t\t<\/div>\n\t\t\t\t\t<\/div>\n\t\t<\/section>\n\t\t\t\t<section class=\"elementor-section elementor-top-section elementor-element elementor-element-244d910 elementor-section-boxed elementor-section-height-default elementor-section-height-default\" data-id=\"244d910\" data-element_type=\"section\" data-e-type=\"section\" data-settings=\"{&quot;background_background&quot;:&quot;classic&quot;}\">\n\t\t\t\t\t\t<div class=\"elementor-container elementor-column-gap-default\">\n\t\t\t\t\t<div class=\"elementor-column elementor-col-100 elementor-top-column elementor-element elementor-element-776a744\" data-id=\"776a744\" data-element_type=\"column\" data-e-type=\"column\">\n\t\t\t<div class=\"elementor-widget-wrap elementor-element-populated\">\n\t\t\t\t\t\t<div class=\"elementor-element elementor-element-50335d1 elementor-widget elementor-widget-heading\" data-id=\"50335d1\" data-element_type=\"widget\" data-e-type=\"widget\" data-widget_type=\"heading.default\">\n\t\t\t\t<div class=\"elementor-widget-container\">\n\t\t\t\t\t<h2 class=\"elementor-heading-title elementor-size-default\">L'ACADEMY<\/h2>\t\t\t\t<\/div>\n\t\t\t\t<\/div>\n\t\t\t\t<div class=\"elementor-element elementor-element-54597a5 elementor-widget elementor-widget-heading\" data-id=\"54597a5\" data-element_type=\"widget\" data-e-type=\"widget\" data-widget_type=\"heading.default\">\n\t\t\t\t<div class=\"elementor-widget-container\">\n\t\t\t\t\t<h3 class=\"elementor-heading-title elementor-size-default\">By ES7<\/h3>\t\t\t\t<\/div>\n\t\t\t\t<\/div>\n\t\t\t\t<div class=\"elementor-element elementor-element-da5bb7f elementor-widget-tablet__width-inherit elementor-widget elementor-widget-text-editor\" data-id=\"da5bb7f\" data-element_type=\"widget\" data-e-type=\"widget\" data-widget_type=\"text-editor.default\">\n\t\t\t\t<div class=\"elementor-widget-container\">\n\t\t\t\t\t\t\t\t\t<p><span style=\"font-weight: 400;\">Cr\u00e9\u00e9 en 2024, l\u2019<strong>Academy Esprit Sud Sevens<\/strong> a pour but de <strong>pousser la pratique du rugby \u00e0 7 vers la performance<\/strong>. Les meilleurs joueurs et joueuses de ES7 sont invit\u00e9s \u00e0 prendre part \u00e0 ce projet lors de stages organis\u00e9s afin de <strong>perfectionner leur technique individuelle, collective et leur condition physique<\/strong>. Ce projet se construit avec les jeunes d\u2019Esprit Sud Sevens, l\u2019objectif \u00e9tant de les former pour qu\u2019ils int\u00e8grent l\u2019\u00e9quipe masculine ou f\u00e9minine. <\/span><span style=\"font-weight: 400;\">\u00c9tant donn\u00e9 que notre \u00e9quipe masculine ne prend pas part au Circuit Elite cette saison, <strong>l\u2019Academy est le projet qui permettra aux gar\u00e7ons de remonter au plus haut niveau et au filles de s\u2019y maintenir sur le long terme. <\/strong><\/span><\/p>\t\t\t\t\t\t\t\t<\/div>\n\t\t\t\t<\/div>\n\t\t\t\t<div class=\"elementor-element elementor-element-5697a8d elementor-widget-divider--view-line elementor-widget elementor-widget-divider\" data-id=\"5697a8d\" data-element_type=\"widget\" data-e-type=\"widget\" data-widget_type=\"divider.default\">\n\t\t\t\t<div class=\"elementor-widget-container\">\n\t\t\t\t\t\t\t<div class=\"elementor-divider\">\n\t\t\t<span class=\"elementor-divider-separator\">\n\t\t\t\t\t\t<\/span>\n\t\t<\/div>\n\t\t\t\t\t\t<\/div>\n\t\t\t\t<\/div>\n\t\t\t\t<div class=\"elementor-element elementor-element-c41fee2 elementor-widget elementor-widget-image\" data-id=\"c41fee2\" data-element_type=\"widget\" data-e-type=\"widget\" data-widget_type=\"image.default\">\n\t\t\t\t<div class=\"elementor-widget-container\">\n\t\t\t\t\t\t\t\t\t\t\t\t\t\t\t<img fetchpriority=\"high\" decoding=\"async\" width=\"1024\" height=\"1024\" src=\"https:\/\/medsevens.fr\/wp-content\/uploads\/2024\/04\/PERFECTIONNEMENT-1024x1024.png\" class=\"attachment-large size-large wp-image-6765\" alt=\"\" srcset=\"https:\/\/medsevens.fr\/wp-content\/uploads\/2024\/04\/PERFECTIONNEMENT-1024x1024.png 1024w, https:\/\/medsevens.fr\/wp-content\/uploads\/2024\/04\/PERFECTIONNEMENT-300x300.png 300w, https:\/\/medsevens.fr\/wp-content\/uploads\/2024\/04\/PERFECTIONNEMENT-100x100.png 100w, https:\/\/medsevens.fr\/wp-content\/uploads\/2024\/04\/PERFECTIONNEMENT-600x600.png 600w, https:\/\/medsevens.fr\/wp-content\/uploads\/2024\/04\/PERFECTIONNEMENT-150x150.png 150w, https:\/\/medsevens.fr\/wp-content\/uploads\/2024\/04\/PERFECTIONNEMENT-768x768.png 768w, https:\/\/medsevens.fr\/wp-content\/uploads\/2024\/04\/PERFECTIONNEMENT-1536x1536.png 1536w, https:\/\/medsevens.fr\/wp-content\/uploads\/2024\/04\/PERFECTIONNEMENT-2048x2048.png 2048w, https:\/\/medsevens.fr\/wp-content\/uploads\/2024\/04\/PERFECTIONNEMENT-12x12.png 12w\" sizes=\"(max-width: 1024px) 100vw, 1024px\" \/>\t\t\t\t\t\t\t\t\t\t\t\t\t\t\t<\/div>\n\t\t\t\t<\/div>\n\t\t\t\t\t<\/div>\n\t\t<\/div>\n\t\t\t\t\t<\/div>\n\t\t<\/section>\n\t\t\t\t<\/div>","protected":false},"excerpt":{"rendered":"<p>ACADEMY L&#8217;ACADEMY By ES7 Cr\u00e9\u00e9 en 2024, l\u2019Academy Esprit Sud Sevens a pour but de pousser la pratique du rugby \u00e0 7 vers la performance. Les meilleurs joueurs et joueuses de ES7 sont invit\u00e9s \u00e0 prendre part \u00e0 ce projet lors de stages organis\u00e9s afin de perfectionner leur technique individuelle, collective et leur condition physique. [&hellip;]<\/p>\n","protected":false},"author":1,"featured_media":0,"parent":171,"menu_order":0,"comment_status":"closed","ping_status":"closed","template":"elementor_canvas","meta":{"footnotes":""},"class_list":["post-6762","page","type-page","status-publish","hentry"],"yoast_head":"<!-- This site is optimized with the Yoast SEO plugin v27.4 - https:\/\/yoast.com\/product\/yoast-seo-wordpress\/ -->\n<title>Academy - Esprit Sud Sevens<\/title>\n<meta name=\"description\" content=\"L&#039;Academy est un projet de perfectionnement pour les jeunes joueurs et joueuses de rugby \u00e0 7 de l&#039;association Esprit Sud Sevens.\" \/>\n<meta name=\"robots\" content=\"index, follow, max-snippet:-1, max-image-preview:large, max-video-preview:-1\" \/>\n<link rel=\"canonical\" href=\"https:\/\/medsevens.fr\/en\/accueil\/association\/academy\/\" \/>\n<meta property=\"og:locale\" content=\"en_GB\" \/>\n<meta property=\"og:type\" content=\"article\" \/>\n<meta property=\"og:title\" content=\"Academy - Esprit Sud Sevens\" \/>\n<meta property=\"og:description\" content=\"L&#039;Academy est un projet de perfectionnement pour les jeunes joueurs et joueuses de rugby \u00e0 7 de l&#039;association Esprit Sud Sevens.\" \/>\n<meta property=\"og:url\" content=\"https:\/\/medsevens.fr\/en\/accueil\/association\/academy\/\" \/>\n<meta property=\"og:site_name\" content=\"Esprit Sud Sevens\" \/>\n<meta property=\"article:publisher\" content=\"https:\/\/www.facebook.com\/espritsudsevens\/\" \/>\n<meta property=\"article:modified_time\" content=\"2024-04-30T10:14:32+00:00\" \/>\n<meta property=\"og:image\" content=\"https:\/\/medsevens.fr\/wp-content\/uploads\/2024\/04\/PERFECTIONNEMENT-1024x1024.png\" \/>\n<meta name=\"twitter:card\" content=\"summary_large_image\" \/>\n<meta name=\"twitter:site\" content=\"@espritsud7\" \/>\n<meta name=\"twitter:label1\" content=\"Estimated reading time\" \/>\n\t<meta name=\"twitter:data1\" content=\"1 minute\" \/>\n<script type=\"application\/ld+json\" class=\"yoast-schema-graph\">{\"@context\":\"https:\\\/\\\/schema.org\",\"@graph\":[{\"@type\":\"WebPage\",\"@id\":\"https:\\\/\\\/medsevens.fr\\\/accueil\\\/association\\\/academy\\\/\",\"url\":\"https:\\\/\\\/medsevens.fr\\\/accueil\\\/association\\\/academy\\\/\",\"name\":\"Academy - Esprit Sud Sevens\",\"isPartOf\":{\"@id\":\"https:\\\/\\\/medsevens.fr\\\/#website\"},\"primaryImageOfPage\":{\"@id\":\"https:\\\/\\\/medsevens.fr\\\/accueil\\\/association\\\/academy\\\/#primaryimage\"},\"image\":{\"@id\":\"https:\\\/\\\/medsevens.fr\\\/accueil\\\/association\\\/academy\\\/#primaryimage\"},\"thumbnailUrl\":\"https:\\\/\\\/medsevens.fr\\\/wp-content\\\/uploads\\\/2024\\\/04\\\/PERFECTIONNEMENT-1024x1024.png\",\"datePublished\":\"2024-04-30T08:57:17+00:00\",\"dateModified\":\"2024-04-30T10:14:32+00:00\",\"description\":\"L'Academy est un projet de perfectionnement pour les jeunes joueurs et joueuses de rugby \u00e0 7 de l'association Esprit Sud Sevens.\",\"breadcrumb\":{\"@id\":\"https:\\\/\\\/medsevens.fr\\\/accueil\\\/association\\\/academy\\\/#breadcrumb\"},\"inLanguage\":\"en-GB\",\"potentialAction\":[{\"@type\":\"ReadAction\",\"target\":[\"https:\\\/\\\/medsevens.fr\\\/accueil\\\/association\\\/academy\\\/\"]}]},{\"@type\":\"ImageObject\",\"inLanguage\":\"en-GB\",\"@id\":\"https:\\\/\\\/medsevens.fr\\\/accueil\\\/association\\\/academy\\\/#primaryimage\",\"url\":\"https:\\\/\\\/medsevens.fr\\\/wp-content\\\/uploads\\\/2024\\\/04\\\/PERFECTIONNEMENT-1024x1024.png\",\"contentUrl\":\"https:\\\/\\\/medsevens.fr\\\/wp-content\\\/uploads\\\/2024\\\/04\\\/PERFECTIONNEMENT-1024x1024.png\"},{\"@type\":\"BreadcrumbList\",\"@id\":\"https:\\\/\\\/medsevens.fr\\\/accueil\\\/association\\\/academy\\\/#breadcrumb\",\"itemListElement\":[{\"@type\":\"ListItem\",\"position\":1,\"name\":\"Home\",\"item\":\"https:\\\/\\\/medsevens.fr\\\/\"},{\"@type\":\"ListItem\",\"position\":2,\"name\":\"Accueil\",\"item\":\"https:\\\/\\\/medsevens.fr\\\/\"},{\"@type\":\"ListItem\",\"position\":3,\"name\":\"Association\",\"item\":\"https:\\\/\\\/medsevens.fr\\\/accueil\\\/association\\\/\"},{\"@type\":\"ListItem\",\"position\":4,\"name\":\"Academy\"}]},{\"@type\":\"WebSite\",\"@id\":\"https:\\\/\\\/medsevens.fr\\\/#website\",\"url\":\"https:\\\/\\\/medsevens.fr\\\/\",\"name\":\"Esprit Sud Sevens\",\"description\":\"Sea, Sun and Sevens\",\"publisher\":{\"@id\":\"https:\\\/\\\/medsevens.fr\\\/#organization\"},\"potentialAction\":[{\"@type\":\"SearchAction\",\"target\":{\"@type\":\"EntryPoint\",\"urlTemplate\":\"https:\\\/\\\/medsevens.fr\\\/?s={search_term_string}\"},\"query-input\":{\"@type\":\"PropertyValueSpecification\",\"valueRequired\":true,\"valueName\":\"search_term_string\"}}],\"inLanguage\":\"en-GB\"},{\"@type\":\"Organization\",\"@id\":\"https:\\\/\\\/medsevens.fr\\\/#organization\",\"name\":\"Esprit Sud Sevenes\",\"url\":\"https:\\\/\\\/medsevens.fr\\\/\",\"logo\":{\"@type\":\"ImageObject\",\"inLanguage\":\"en-GB\",\"@id\":\"https:\\\/\\\/medsevens.fr\\\/#\\\/schema\\\/logo\\\/image\\\/\",\"url\":\"https:\\\/\\\/medsevens.fr\\\/wp-content\\\/uploads\\\/2020\\\/04\\\/Sans-titre-1.png\",\"contentUrl\":\"https:\\\/\\\/medsevens.fr\\\/wp-content\\\/uploads\\\/2020\\\/04\\\/Sans-titre-1.png\",\"width\":150,\"height\":150,\"caption\":\"Esprit Sud Sevenes\"},\"image\":{\"@id\":\"https:\\\/\\\/medsevens.fr\\\/#\\\/schema\\\/logo\\\/image\\\/\"},\"sameAs\":[\"https:\\\/\\\/www.facebook.com\\\/espritsudsevens\\\/\",\"https:\\\/\\\/x.com\\\/espritsud7\",\"https:\\\/\\\/www.instagram.com\\\/espritsudsevens\\\/\",\"https:\\\/\\\/www.linkedin.com\\\/company\\\/46645187\\\/\",\"https:\\\/\\\/www.youtube.com\\\/channel\\\/UCLxo6q7LE_zP7fVXGtgvvtQ\"]}]}<\/script>\n<!-- \/ Yoast SEO plugin. -->","yoast_head_json":{"title":"Academy - Esprit Sud Sevens","description":"L'Academy est un projet de perfectionnement pour les jeunes joueurs et joueuses de rugby \u00e0 7 de l'association Esprit Sud Sevens.","robots":{"index":"index","follow":"follow","max-snippet":"max-snippet:-1","max-image-preview":"max-image-preview:large","max-video-preview":"max-video-preview:-1"},"canonical":"https:\/\/medsevens.fr\/en\/accueil\/association\/academy\/","og_locale":"en_GB","og_type":"article","og_title":"Academy - Esprit Sud Sevens","og_description":"L'Academy est un projet de perfectionnement pour les jeunes joueurs et joueuses de rugby \u00e0 7 de l'association Esprit Sud Sevens.","og_url":"https:\/\/medsevens.fr\/en\/accueil\/association\/academy\/","og_site_name":"Esprit Sud Sevens","article_publisher":"https:\/\/www.facebook.com\/espritsudsevens\/","article_modified_time":"2024-04-30T10:14:32+00:00","og_image":[{"url":"https:\/\/medsevens.fr\/wp-content\/uploads\/2024\/04\/PERFECTIONNEMENT-1024x1024.png","type":"","width":"","height":""}],"twitter_card":"summary_large_image","twitter_site":"@espritsud7","twitter_misc":{"Estimated reading time":"1 minute"},"schema":{"@context":"https:\/\/schema.org","@graph":[{"@type":"WebPage","@id":"https:\/\/medsevens.fr\/accueil\/association\/academy\/","url":"https:\/\/medsevens.fr\/accueil\/association\/academy\/","name":"Academy - Esprit Sud Sevens","isPartOf":{"@id":"https:\/\/medsevens.fr\/#website"},"primaryImageOfPage":{"@id":"https:\/\/medsevens.fr\/accueil\/association\/academy\/#primaryimage"},"image":{"@id":"https:\/\/medsevens.fr\/accueil\/association\/academy\/#primaryimage"},"thumbnailUrl":"https:\/\/medsevens.fr\/wp-content\/uploads\/2024\/04\/PERFECTIONNEMENT-1024x1024.png","datePublished":"2024-04-30T08:57:17+00:00","dateModified":"2024-04-30T10:14:32+00:00","description":"L'Academy est un projet de perfectionnement pour les jeunes joueurs et joueuses de rugby \u00e0 7 de l'association Esprit Sud Sevens.","breadcrumb":{"@id":"https:\/\/medsevens.fr\/accueil\/association\/academy\/#breadcrumb"},"inLanguage":"en-GB","potentialAction":[{"@type":"ReadAction","target":["https:\/\/medsevens.fr\/accueil\/association\/academy\/"]}]},{"@type":"ImageObject","inLanguage":"en-GB","@id":"https:\/\/medsevens.fr\/accueil\/association\/academy\/#primaryimage","url":"https:\/\/medsevens.fr\/wp-content\/uploads\/2024\/04\/PERFECTIONNEMENT-1024x1024.png","contentUrl":"https:\/\/medsevens.fr\/wp-content\/uploads\/2024\/04\/PERFECTIONNEMENT-1024x1024.png"},{"@type":"BreadcrumbList","@id":"https:\/\/medsevens.fr\/accueil\/association\/academy\/#breadcrumb","itemListElement":[{"@type":"ListItem","position":1,"name":"Home","item":"https:\/\/medsevens.fr\/"},{"@type":"ListItem","position":2,"name":"Accueil","item":"https:\/\/medsevens.fr\/"},{"@type":"ListItem","position":3,"name":"Association","item":"https:\/\/medsevens.fr\/accueil\/association\/"},{"@type":"ListItem","position":4,"name":"Academy"}]},{"@type":"WebSite","@id":"https:\/\/medsevens.fr\/#website","url":"https:\/\/medsevens.fr\/","name":"Esprit Sud Sevens","description":"Sea, Sun and Sevens","publisher":{"@id":"https:\/\/medsevens.fr\/#organization"},"potentialAction":[{"@type":"SearchAction","target":{"@type":"EntryPoint","urlTemplate":"https:\/\/medsevens.fr\/?s={search_term_string}"},"query-input":{"@type":"PropertyValueSpecification","valueRequired":true,"valueName":"search_term_string"}}],"inLanguage":"en-GB"},{"@type":"Organization","@id":"https:\/\/medsevens.fr\/#organization","name":"Esprit Sud Sevenes","url":"https:\/\/medsevens.fr\/","logo":{"@type":"ImageObject","inLanguage":"en-GB","@id":"https:\/\/medsevens.fr\/#\/schema\/logo\/image\/","url":"https:\/\/medsevens.fr\/wp-content\/uploads\/2020\/04\/Sans-titre-1.png","contentUrl":"https:\/\/medsevens.fr\/wp-content\/uploads\/2020\/04\/Sans-titre-1.png","width":150,"height":150,"caption":"Esprit Sud Sevenes"},"image":{"@id":"https:\/\/medsevens.fr\/#\/schema\/logo\/image\/"},"sameAs":["https:\/\/www.facebook.com\/espritsudsevens\/","https:\/\/x.com\/espritsud7","https:\/\/www.instagram.com\/espritsudsevens\/","https:\/\/www.linkedin.com\/company\/46645187\/","https:\/\/www.youtube.com\/channel\/UCLxo6q7LE_zP7fVXGtgvvtQ"]}]}},"jetpack_sharing_enabled":true,"_links":{"self":[{"href":"https:\/\/medsevens.fr\/en\/wp-json\/wp\/v2\/pages\/6762","targetHints":{"allow":["GET"]}}],"collection":[{"href":"https:\/\/medsevens.fr\/en\/wp-json\/wp\/v2\/pages"}],"about":[{"href":"https:\/\/medsevens.fr\/en\/wp-json\/wp\/v2\/types\/page"}],"author":[{"embeddable":true,"href":"https:\/\/medsevens.fr\/en\/wp-json\/wp\/v2\/users\/1"}],"replies":[{"embeddable":true,"href":"https:\/\/medsevens.fr\/en\/wp-json\/wp\/v2\/comments?post=6762"}],"version-history":[{"count":7,"href":"https:\/\/medsevens.fr\/en\/wp-json\/wp\/v2\/pages\/6762\/revisions"}],"predecessor-version":[{"id":6778,"href":"https:\/\/medsevens.fr\/en\/wp-json\/wp\/v2\/pages\/6762\/revisions\/6778"}],"up":[{"embeddable":true,"href":"https:\/\/medsevens.fr\/en\/wp-json\/wp\/v2\/pages\/171"}],"wp:attachment":[{"href":"https:\/\/medsevens.fr\/en\/wp-json\/wp\/v2\/media?parent=6762"}],"curies":[{"name":"wp","href":"https:\/\/api.w.org\/{rel}","templated":true}]}}