{"id":3649,"date":"2020-10-08T10:09:28","date_gmt":"2020-10-08T08:09:28","guid":{"rendered":"https:\/\/medsevens.fr\/?post_type=product&#038;p=3649"},"modified":"2024-05-23T11:02:21","modified_gmt":"2024-05-23T09:02:21","slug":"debardeur-dentrainement-esprit-sud-sevens","status":"publish","type":"product","link":"https:\/\/medsevens.fr\/en\/product\/debardeur-dentrainement-esprit-sud-sevens\/","title":{"rendered":"D\u00e9bardeur d&#8217;entrainement Esprit Sud Sevens"},"content":{"rendered":"","protected":false},"excerpt":{"rendered":"<p>D\u00e9bardeur d&#8217;entrainement Esprit Sud Sevens.<\/p>\n<p>Mod\u00e8le mixte.<\/p>","protected":false},"featured_media":3657,"comment_status":"open","ping_status":"closed","template":"","meta":[],"product_brand":[],"product_cat":[67,73,74],"product_tag":[],"class_list":{"0":"post-3649","1":"product","2":"type-product","3":"status-publish","4":"has-post-thumbnail","6":"product_cat-esprit-sud-sevens","7":"product_cat-femme-esprit-sud-sevens","8":"product_cat-homme-esprit-sud-sevens","10":"first","11":"outofstock","12":"shipping-taxable","13":"purchasable","14":"product-type-simple"},"yoast_head":"<!-- This site is optimized with the Yoast SEO plugin v27.4 - https:\/\/yoast.com\/product\/yoast-seo-wordpress\/ -->\n<title>D\u00e9bardeur d&#039;entrainement Esprit Sud Sevens - Esprit Sud Sevens<\/title>\n<meta name=\"robots\" content=\"index, follow, max-snippet:-1, max-image-preview:large, max-video-preview:-1\" \/>\n<link rel=\"canonical\" href=\"https:\/\/medsevens.fr\/en\/product\/debardeur-dentrainement-esprit-sud-sevens\/\" \/>\n<meta property=\"og:locale\" content=\"en_GB\" \/>\n<meta property=\"og:type\" content=\"article\" \/>\n<meta property=\"og:title\" content=\"D\u00e9bardeur d&#039;entrainement Esprit Sud Sevens - Esprit Sud Sevens\" \/>\n<meta property=\"og:description\" content=\"D\u00e9bardeur d&#039;entrainement Esprit Sud Sevens.  Mod\u00e8le mixte.\" \/>\n<meta property=\"og:url\" content=\"https:\/\/medsevens.fr\/en\/product\/debardeur-dentrainement-esprit-sud-sevens\/\" \/>\n<meta property=\"og:site_name\" content=\"Esprit Sud Sevens\" \/>\n<meta property=\"article:publisher\" content=\"https:\/\/www.facebook.com\/espritsudsevens\/\" \/>\n<meta property=\"article:modified_time\" content=\"2024-05-23T09:02:21+00:00\" \/>\n<meta property=\"og:image\" content=\"https:\/\/medsevens.fr\/wp-content\/uploads\/2020\/10\/IMG_20200708_125402-scaled.jpg\" \/>\n\t<meta property=\"og:image:width\" content=\"1921\" \/>\n\t<meta property=\"og:image:height\" content=\"2560\" \/>\n\t<meta property=\"og:image:type\" content=\"image\/jpeg\" \/>\n<meta name=\"twitter:card\" content=\"summary_large_image\" \/>\n<meta name=\"twitter:site\" content=\"@espritsud7\" \/>\n<script type=\"application\/ld+json\" class=\"yoast-schema-graph\">{\"@context\":\"https:\\\/\\\/schema.org\",\"@graph\":[{\"@type\":\"WebPage\",\"@id\":\"https:\\\/\\\/medsevens.fr\\\/produit\\\/debardeur-dentrainement-esprit-sud-sevens\\\/\",\"url\":\"https:\\\/\\\/medsevens.fr\\\/produit\\\/debardeur-dentrainement-esprit-sud-sevens\\\/\",\"name\":\"D\u00e9bardeur d'entrainement Esprit Sud Sevens - Esprit Sud Sevens\",\"isPartOf\":{\"@id\":\"https:\\\/\\\/medsevens.fr\\\/#website\"},\"primaryImageOfPage\":{\"@id\":\"https:\\\/\\\/medsevens.fr\\\/produit\\\/debardeur-dentrainement-esprit-sud-sevens\\\/#primaryimage\"},\"image\":{\"@id\":\"https:\\\/\\\/medsevens.fr\\\/produit\\\/debardeur-dentrainement-esprit-sud-sevens\\\/#primaryimage\"},\"thumbnailUrl\":\"https:\\\/\\\/medsevens.fr\\\/wp-content\\\/uploads\\\/2020\\\/10\\\/IMG_20200708_125402-scaled.jpg\",\"datePublished\":\"2020-10-08T08:09:28+00:00\",\"dateModified\":\"2024-05-23T09:02:21+00:00\",\"breadcrumb\":{\"@id\":\"https:\\\/\\\/medsevens.fr\\\/produit\\\/debardeur-dentrainement-esprit-sud-sevens\\\/#breadcrumb\"},\"inLanguage\":\"en-GB\",\"potentialAction\":[{\"@type\":\"ReadAction\",\"target\":[\"https:\\\/\\\/medsevens.fr\\\/produit\\\/debardeur-dentrainement-esprit-sud-sevens\\\/\"]}]},{\"@type\":\"ImageObject\",\"inLanguage\":\"en-GB\",\"@id\":\"https:\\\/\\\/medsevens.fr\\\/produit\\\/debardeur-dentrainement-esprit-sud-sevens\\\/#primaryimage\",\"url\":\"https:\\\/\\\/medsevens.fr\\\/wp-content\\\/uploads\\\/2020\\\/10\\\/IMG_20200708_125402-scaled.jpg\",\"contentUrl\":\"https:\\\/\\\/medsevens.fr\\\/wp-content\\\/uploads\\\/2020\\\/10\\\/IMG_20200708_125402-scaled.jpg\",\"width\":1921,\"height\":2560,\"caption\":\"ptr\"},{\"@type\":\"BreadcrumbList\",\"@id\":\"https:\\\/\\\/medsevens.fr\\\/produit\\\/debardeur-dentrainement-esprit-sud-sevens\\\/#breadcrumb\",\"itemListElement\":[{\"@type\":\"ListItem\",\"position\":1,\"name\":\"Home\",\"item\":\"https:\\\/\\\/medsevens.fr\\\/\"},{\"@type\":\"ListItem\",\"position\":2,\"name\":\"Boutique\",\"item\":\"https:\\\/\\\/medsevens.fr\\\/boutique\\\/\"},{\"@type\":\"ListItem\",\"position\":3,\"name\":\"D\u00e9bardeur d&rsquo;entrainement Esprit Sud Sevens\"}]},{\"@type\":\"WebSite\",\"@id\":\"https:\\\/\\\/medsevens.fr\\\/#website\",\"url\":\"https:\\\/\\\/medsevens.fr\\\/\",\"name\":\"Esprit Sud Sevens\",\"description\":\"Sea, Sun and Sevens\",\"publisher\":{\"@id\":\"https:\\\/\\\/medsevens.fr\\\/#organization\"},\"potentialAction\":[{\"@type\":\"SearchAction\",\"target\":{\"@type\":\"EntryPoint\",\"urlTemplate\":\"https:\\\/\\\/medsevens.fr\\\/?s={search_term_string}\"},\"query-input\":{\"@type\":\"PropertyValueSpecification\",\"valueRequired\":true,\"valueName\":\"search_term_string\"}}],\"inLanguage\":\"en-GB\"},{\"@type\":\"Organization\",\"@id\":\"https:\\\/\\\/medsevens.fr\\\/#organization\",\"name\":\"Esprit Sud Sevenes\",\"url\":\"https:\\\/\\\/medsevens.fr\\\/\",\"logo\":{\"@type\":\"ImageObject\",\"inLanguage\":\"en-GB\",\"@id\":\"https:\\\/\\\/medsevens.fr\\\/#\\\/schema\\\/logo\\\/image\\\/\",\"url\":\"https:\\\/\\\/medsevens.fr\\\/wp-content\\\/uploads\\\/2020\\\/04\\\/Sans-titre-1.png\",\"contentUrl\":\"https:\\\/\\\/medsevens.fr\\\/wp-content\\\/uploads\\\/2020\\\/04\\\/Sans-titre-1.png\",\"width\":150,\"height\":150,\"caption\":\"Esprit Sud Sevenes\"},\"image\":{\"@id\":\"https:\\\/\\\/medsevens.fr\\\/#\\\/schema\\\/logo\\\/image\\\/\"},\"sameAs\":[\"https:\\\/\\\/www.facebook.com\\\/espritsudsevens\\\/\",\"https:\\\/\\\/x.com\\\/espritsud7\",\"https:\\\/\\\/www.instagram.com\\\/espritsudsevens\\\/\",\"https:\\\/\\\/www.linkedin.com\\\/company\\\/46645187\\\/\",\"https:\\\/\\\/www.youtube.com\\\/channel\\\/UCLxo6q7LE_zP7fVXGtgvvtQ\"]}]}<\/script>\n<!-- \/ Yoast SEO plugin. -->","yoast_head_json":{"title":"D\u00e9bardeur d'entrainement Esprit Sud Sevens - Esprit Sud Sevens","robots":{"index":"index","follow":"follow","max-snippet":"max-snippet:-1","max-image-preview":"max-image-preview:large","max-video-preview":"max-video-preview:-1"},"canonical":"https:\/\/medsevens.fr\/en\/product\/debardeur-dentrainement-esprit-sud-sevens\/","og_locale":"en_GB","og_type":"article","og_title":"D\u00e9bardeur d'entrainement Esprit Sud Sevens - Esprit Sud Sevens","og_description":"D\u00e9bardeur d'entrainement Esprit Sud Sevens.  Mod\u00e8le mixte.","og_url":"https:\/\/medsevens.fr\/en\/product\/debardeur-dentrainement-esprit-sud-sevens\/","og_site_name":"Esprit Sud Sevens","article_publisher":"https:\/\/www.facebook.com\/espritsudsevens\/","article_modified_time":"2024-05-23T09:02:21+00:00","og_image":[{"width":1921,"height":2560,"url":"https:\/\/medsevens.fr\/wp-content\/uploads\/2020\/10\/IMG_20200708_125402-scaled.jpg","type":"image\/jpeg"}],"twitter_card":"summary_large_image","twitter_site":"@espritsud7","schema":{"@context":"https:\/\/schema.org","@graph":[{"@type":"WebPage","@id":"https:\/\/medsevens.fr\/produit\/debardeur-dentrainement-esprit-sud-sevens\/","url":"https:\/\/medsevens.fr\/produit\/debardeur-dentrainement-esprit-sud-sevens\/","name":"D\u00e9bardeur d'entrainement Esprit Sud Sevens - Esprit Sud Sevens","isPartOf":{"@id":"https:\/\/medsevens.fr\/#website"},"primaryImageOfPage":{"@id":"https:\/\/medsevens.fr\/produit\/debardeur-dentrainement-esprit-sud-sevens\/#primaryimage"},"image":{"@id":"https:\/\/medsevens.fr\/produit\/debardeur-dentrainement-esprit-sud-sevens\/#primaryimage"},"thumbnailUrl":"https:\/\/medsevens.fr\/wp-content\/uploads\/2020\/10\/IMG_20200708_125402-scaled.jpg","datePublished":"2020-10-08T08:09:28+00:00","dateModified":"2024-05-23T09:02:21+00:00","breadcrumb":{"@id":"https:\/\/medsevens.fr\/produit\/debardeur-dentrainement-esprit-sud-sevens\/#breadcrumb"},"inLanguage":"en-GB","potentialAction":[{"@type":"ReadAction","target":["https:\/\/medsevens.fr\/produit\/debardeur-dentrainement-esprit-sud-sevens\/"]}]},{"@type":"ImageObject","inLanguage":"en-GB","@id":"https:\/\/medsevens.fr\/produit\/debardeur-dentrainement-esprit-sud-sevens\/#primaryimage","url":"https:\/\/medsevens.fr\/wp-content\/uploads\/2020\/10\/IMG_20200708_125402-scaled.jpg","contentUrl":"https:\/\/medsevens.fr\/wp-content\/uploads\/2020\/10\/IMG_20200708_125402-scaled.jpg","width":1921,"height":2560,"caption":"ptr"},{"@type":"BreadcrumbList","@id":"https:\/\/medsevens.fr\/produit\/debardeur-dentrainement-esprit-sud-sevens\/#breadcrumb","itemListElement":[{"@type":"ListItem","position":1,"name":"Home","item":"https:\/\/medsevens.fr\/"},{"@type":"ListItem","position":2,"name":"Boutique","item":"https:\/\/medsevens.fr\/boutique\/"},{"@type":"ListItem","position":3,"name":"D\u00e9bardeur d&rsquo;entrainement Esprit Sud Sevens"}]},{"@type":"WebSite","@id":"https:\/\/medsevens.fr\/#website","url":"https:\/\/medsevens.fr\/","name":"Esprit Sud Sevens","description":"Sea, Sun and Sevens","publisher":{"@id":"https:\/\/medsevens.fr\/#organization"},"potentialAction":[{"@type":"SearchAction","target":{"@type":"EntryPoint","urlTemplate":"https:\/\/medsevens.fr\/?s={search_term_string}"},"query-input":{"@type":"PropertyValueSpecification","valueRequired":true,"valueName":"search_term_string"}}],"inLanguage":"en-GB"},{"@type":"Organization","@id":"https:\/\/medsevens.fr\/#organization","name":"Esprit Sud Sevenes","url":"https:\/\/medsevens.fr\/","logo":{"@type":"ImageObject","inLanguage":"en-GB","@id":"https:\/\/medsevens.fr\/#\/schema\/logo\/image\/","url":"https:\/\/medsevens.fr\/wp-content\/uploads\/2020\/04\/Sans-titre-1.png","contentUrl":"https:\/\/medsevens.fr\/wp-content\/uploads\/2020\/04\/Sans-titre-1.png","width":150,"height":150,"caption":"Esprit Sud Sevenes"},"image":{"@id":"https:\/\/medsevens.fr\/#\/schema\/logo\/image\/"},"sameAs":["https:\/\/www.facebook.com\/espritsudsevens\/","https:\/\/x.com\/espritsud7","https:\/\/www.instagram.com\/espritsudsevens\/","https:\/\/www.linkedin.com\/company\/46645187\/","https:\/\/www.youtube.com\/channel\/UCLxo6q7LE_zP7fVXGtgvvtQ"]}]}},"jetpack_sharing_enabled":true,"_links":{"self":[{"href":"https:\/\/medsevens.fr\/en\/wp-json\/wp\/v2\/product\/3649","targetHints":{"allow":["GET"]}}],"collection":[{"href":"https:\/\/medsevens.fr\/en\/wp-json\/wp\/v2\/product"}],"about":[{"href":"https:\/\/medsevens.fr\/en\/wp-json\/wp\/v2\/types\/product"}],"replies":[{"embeddable":true,"href":"https:\/\/medsevens.fr\/en\/wp-json\/wp\/v2\/comments?post=3649"}],"wp:featuredmedia":[{"embeddable":true,"href":"https:\/\/medsevens.fr\/en\/wp-json\/wp\/v2\/media\/3657"}],"wp:attachment":[{"href":"https:\/\/medsevens.fr\/en\/wp-json\/wp\/v2\/media?parent=3649"}],"wp:term":[{"taxonomy":"product_brand","embeddable":true,"href":"https:\/\/medsevens.fr\/en\/wp-json\/wp\/v2\/product_brand?post=3649"},{"taxonomy":"product_cat","embeddable":true,"href":"https:\/\/medsevens.fr\/en\/wp-json\/wp\/v2\/product_cat?post=3649"},{"taxonomy":"product_tag","embeddable":true,"href":"https:\/\/medsevens.fr\/en\/wp-json\/wp\/v2\/product_tag?post=3649"}],"curies":[{"name":"wp","href":"https:\/\/api.w.org\/{rel}","templated":true}]}}