{"id":7385,"date":"2024-07-19T12:03:04","date_gmt":"2024-07-19T10:03:04","guid":{"rendered":"https:\/\/medsevens.fr\/?post_type=product&#038;p=7385"},"modified":"2024-11-05T14:26:25","modified_gmt":"2024-11-05T13:26:25","slug":"maillot-de-basket-med-sevens","status":"publish","type":"product","link":"https:\/\/medsevens.fr\/en\/product\/maillot-de-basket-med-sevens\/","title":{"rendered":"Maillot de Basket Med Sevens"},"content":{"rendered":"<p><img fetchpriority=\"high\" decoding=\"async\" class=\"alignnone size-full wp-image-7387\" src=\"https:\/\/medsevens.fr\/wp-content\/uploads\/2024\/07\/DSC00021-scaled.jpg\" alt=\"Maillot Basket Med Sevens\" width=\"2192\" height=\"2560\" srcset=\"https:\/\/medsevens.fr\/wp-content\/uploads\/2024\/07\/DSC00021-scaled.jpg 2192w, https:\/\/medsevens.fr\/wp-content\/uploads\/2024\/07\/DSC00021-257x300.jpg 257w, https:\/\/medsevens.fr\/wp-content\/uploads\/2024\/07\/DSC00021-877x1024.jpg 877w, https:\/\/medsevens.fr\/wp-content\/uploads\/2024\/07\/DSC00021-768x897.jpg 768w, https:\/\/medsevens.fr\/wp-content\/uploads\/2024\/07\/DSC00021-1315x1536.jpg 1315w, https:\/\/medsevens.fr\/wp-content\/uploads\/2024\/07\/DSC00021-1753x2048.jpg 1753w, https:\/\/medsevens.fr\/wp-content\/uploads\/2024\/07\/DSC00021-10x12.jpg 10w, https:\/\/medsevens.fr\/wp-content\/uploads\/2024\/07\/DSC00021-600x701.jpg 600w\" sizes=\"(max-width: 2192px) 100vw, 2192px\" \/>Maillot de Basket \u00e0 l&#8217;occasion de la 10 \u00e8me \u00e9dition du Med Sevens<\/p>","protected":false},"excerpt":{"rendered":"<p>Maillot de Basket \u00e0 l&#8217;occasion de la 10 \u00e8me \u00e9dition du Med Sevens<\/p>","protected":false},"featured_media":7387,"comment_status":"closed","ping_status":"closed","template":"","meta":[],"product_brand":[],"product_cat":[71,72,68],"product_tag":[273],"class_list":{"0":"post-7385","1":"product","2":"type-product","3":"status-publish","4":"has-post-thumbnail","6":"product_cat-femme-med-sevens","7":"product_cat-homme-med-sevens","8":"product_cat-med-sevens","9":"product_tag-maillot-de-basket-med-sevens","11":"first","12":"outofstock","13":"shipping-taxable","14":"purchasable","15":"product-type-simple"},"yoast_head":"<!-- This site is optimized with the Yoast SEO plugin v27.3 - https:\/\/yoast.com\/product\/yoast-seo-wordpress\/ -->\n<title>Maillot de Basket Med Sevens - Esprit Sud Sevens<\/title>\n<meta name=\"description\" content=\"A l&#039;occasion de la 10 \u00e8me \u00e9dition de Med Sevens d\u00e9couvrez notre maillot de basket sp\u00e9ciale Sea Sun and Sevens. Parfait pour l&#039;\u00e9t\u00e9 !\" \/>\n<meta name=\"robots\" content=\"index, follow, max-snippet:-1, max-image-preview:large, max-video-preview:-1\" \/>\n<link rel=\"canonical\" href=\"https:\/\/medsevens.fr\/en\/product\/maillot-de-basket-med-sevens\/\" \/>\n<meta property=\"og:locale\" content=\"en_GB\" \/>\n<meta property=\"og:type\" content=\"article\" \/>\n<meta property=\"og:title\" content=\"Maillot de Basket Med Sevens - Esprit Sud Sevens\" \/>\n<meta property=\"og:description\" content=\"A l&#039;occasion de la 10 \u00e8me \u00e9dition de Med Sevens d\u00e9couvrez notre maillot de basket sp\u00e9ciale Sea Sun and Sevens. Parfait pour l&#039;\u00e9t\u00e9 !\" \/>\n<meta property=\"og:url\" content=\"https:\/\/medsevens.fr\/en\/product\/maillot-de-basket-med-sevens\/\" \/>\n<meta property=\"og:site_name\" content=\"Esprit Sud Sevens\" \/>\n<meta property=\"article:publisher\" content=\"https:\/\/www.facebook.com\/espritsudsevens\/\" \/>\n<meta property=\"article:modified_time\" content=\"2024-11-05T13:26:25+00:00\" \/>\n<meta property=\"og:image\" content=\"https:\/\/medsevens.fr\/wp-content\/uploads\/2024\/07\/DSC00021-scaled.jpg\" \/>\n\t<meta property=\"og:image:width\" content=\"2192\" \/>\n\t<meta property=\"og:image:height\" content=\"2560\" \/>\n\t<meta property=\"og:image:type\" content=\"image\/jpeg\" \/>\n<meta name=\"twitter:card\" content=\"summary_large_image\" \/>\n<meta name=\"twitter:site\" content=\"@espritsud7\" \/>\n<meta name=\"twitter:label1\" content=\"Estimated reading time\" \/>\n\t<meta name=\"twitter:data1\" content=\"1 minute\" \/>\n<script type=\"application\/ld+json\" class=\"yoast-schema-graph\">{\"@context\":\"https:\\\/\\\/schema.org\",\"@graph\":[{\"@type\":\"WebPage\",\"@id\":\"https:\\\/\\\/medsevens.fr\\\/produit\\\/maillot-de-basket-med-sevens\\\/\",\"url\":\"https:\\\/\\\/medsevens.fr\\\/produit\\\/maillot-de-basket-med-sevens\\\/\",\"name\":\"Maillot de Basket Med Sevens - Esprit Sud Sevens\",\"isPartOf\":{\"@id\":\"https:\\\/\\\/medsevens.fr\\\/#website\"},\"primaryImageOfPage\":{\"@id\":\"https:\\\/\\\/medsevens.fr\\\/produit\\\/maillot-de-basket-med-sevens\\\/#primaryimage\"},\"image\":{\"@id\":\"https:\\\/\\\/medsevens.fr\\\/produit\\\/maillot-de-basket-med-sevens\\\/#primaryimage\"},\"thumbnailUrl\":\"https:\\\/\\\/medsevens.fr\\\/wp-content\\\/uploads\\\/2024\\\/07\\\/DSC00021-scaled.jpg\",\"datePublished\":\"2024-07-19T10:03:04+00:00\",\"dateModified\":\"2024-11-05T13:26:25+00:00\",\"description\":\"A l'occasion de la 10 \u00e8me \u00e9dition de Med Sevens d\u00e9couvrez notre maillot de basket sp\u00e9ciale Sea Sun and Sevens. Parfait pour l'\u00e9t\u00e9 !\",\"breadcrumb\":{\"@id\":\"https:\\\/\\\/medsevens.fr\\\/produit\\\/maillot-de-basket-med-sevens\\\/#breadcrumb\"},\"inLanguage\":\"en-GB\",\"potentialAction\":[{\"@type\":\"ReadAction\",\"target\":[\"https:\\\/\\\/medsevens.fr\\\/produit\\\/maillot-de-basket-med-sevens\\\/\"]}]},{\"@type\":\"ImageObject\",\"inLanguage\":\"en-GB\",\"@id\":\"https:\\\/\\\/medsevens.fr\\\/produit\\\/maillot-de-basket-med-sevens\\\/#primaryimage\",\"url\":\"https:\\\/\\\/medsevens.fr\\\/wp-content\\\/uploads\\\/2024\\\/07\\\/DSC00021-scaled.jpg\",\"contentUrl\":\"https:\\\/\\\/medsevens.fr\\\/wp-content\\\/uploads\\\/2024\\\/07\\\/DSC00021-scaled.jpg\",\"width\":2192,\"height\":2560,\"caption\":\"Maillot Basket Med Sevens\"},{\"@type\":\"BreadcrumbList\",\"@id\":\"https:\\\/\\\/medsevens.fr\\\/produit\\\/maillot-de-basket-med-sevens\\\/#breadcrumb\",\"itemListElement\":[{\"@type\":\"ListItem\",\"position\":1,\"name\":\"Home\",\"item\":\"https:\\\/\\\/medsevens.fr\\\/\"},{\"@type\":\"ListItem\",\"position\":2,\"name\":\"Boutique\",\"item\":\"https:\\\/\\\/medsevens.fr\\\/boutique\\\/\"},{\"@type\":\"ListItem\",\"position\":3,\"name\":\"Maillot de Basket Med Sevens\"}]},{\"@type\":\"WebSite\",\"@id\":\"https:\\\/\\\/medsevens.fr\\\/#website\",\"url\":\"https:\\\/\\\/medsevens.fr\\\/\",\"name\":\"Esprit Sud Sevens\",\"description\":\"Sea, Sun and Sevens\",\"publisher\":{\"@id\":\"https:\\\/\\\/medsevens.fr\\\/#organization\"},\"potentialAction\":[{\"@type\":\"SearchAction\",\"target\":{\"@type\":\"EntryPoint\",\"urlTemplate\":\"https:\\\/\\\/medsevens.fr\\\/?s={search_term_string}\"},\"query-input\":{\"@type\":\"PropertyValueSpecification\",\"valueRequired\":true,\"valueName\":\"search_term_string\"}}],\"inLanguage\":\"en-GB\"},{\"@type\":\"Organization\",\"@id\":\"https:\\\/\\\/medsevens.fr\\\/#organization\",\"name\":\"Esprit Sud Sevenes\",\"url\":\"https:\\\/\\\/medsevens.fr\\\/\",\"logo\":{\"@type\":\"ImageObject\",\"inLanguage\":\"en-GB\",\"@id\":\"https:\\\/\\\/medsevens.fr\\\/#\\\/schema\\\/logo\\\/image\\\/\",\"url\":\"https:\\\/\\\/medsevens.fr\\\/wp-content\\\/uploads\\\/2020\\\/04\\\/Sans-titre-1.png\",\"contentUrl\":\"https:\\\/\\\/medsevens.fr\\\/wp-content\\\/uploads\\\/2020\\\/04\\\/Sans-titre-1.png\",\"width\":150,\"height\":150,\"caption\":\"Esprit Sud Sevenes\"},\"image\":{\"@id\":\"https:\\\/\\\/medsevens.fr\\\/#\\\/schema\\\/logo\\\/image\\\/\"},\"sameAs\":[\"https:\\\/\\\/www.facebook.com\\\/espritsudsevens\\\/\",\"https:\\\/\\\/x.com\\\/espritsud7\",\"https:\\\/\\\/www.instagram.com\\\/espritsudsevens\\\/\",\"https:\\\/\\\/www.linkedin.com\\\/company\\\/46645187\\\/\",\"https:\\\/\\\/www.youtube.com\\\/channel\\\/UCLxo6q7LE_zP7fVXGtgvvtQ\"]}]}<\/script>\n<!-- \/ Yoast SEO plugin. -->","yoast_head_json":{"title":"Maillot de Basket Med Sevens - Esprit Sud Sevens","description":"A l'occasion de la 10 \u00e8me \u00e9dition de Med Sevens d\u00e9couvrez notre maillot de basket sp\u00e9ciale Sea Sun and Sevens. Parfait pour l'\u00e9t\u00e9 !","robots":{"index":"index","follow":"follow","max-snippet":"max-snippet:-1","max-image-preview":"max-image-preview:large","max-video-preview":"max-video-preview:-1"},"canonical":"https:\/\/medsevens.fr\/en\/product\/maillot-de-basket-med-sevens\/","og_locale":"en_GB","og_type":"article","og_title":"Maillot de Basket Med Sevens - Esprit Sud Sevens","og_description":"A l'occasion de la 10 \u00e8me \u00e9dition de Med Sevens d\u00e9couvrez notre maillot de basket sp\u00e9ciale Sea Sun and Sevens. Parfait pour l'\u00e9t\u00e9 !","og_url":"https:\/\/medsevens.fr\/en\/product\/maillot-de-basket-med-sevens\/","og_site_name":"Esprit Sud Sevens","article_publisher":"https:\/\/www.facebook.com\/espritsudsevens\/","article_modified_time":"2024-11-05T13:26:25+00:00","og_image":[{"width":2192,"height":2560,"url":"https:\/\/medsevens.fr\/wp-content\/uploads\/2024\/07\/DSC00021-scaled.jpg","type":"image\/jpeg"}],"twitter_card":"summary_large_image","twitter_site":"@espritsud7","twitter_misc":{"Estimated reading time":"1 minute"},"schema":{"@context":"https:\/\/schema.org","@graph":[{"@type":"WebPage","@id":"https:\/\/medsevens.fr\/produit\/maillot-de-basket-med-sevens\/","url":"https:\/\/medsevens.fr\/produit\/maillot-de-basket-med-sevens\/","name":"Maillot de Basket Med Sevens - Esprit Sud Sevens","isPartOf":{"@id":"https:\/\/medsevens.fr\/#website"},"primaryImageOfPage":{"@id":"https:\/\/medsevens.fr\/produit\/maillot-de-basket-med-sevens\/#primaryimage"},"image":{"@id":"https:\/\/medsevens.fr\/produit\/maillot-de-basket-med-sevens\/#primaryimage"},"thumbnailUrl":"https:\/\/medsevens.fr\/wp-content\/uploads\/2024\/07\/DSC00021-scaled.jpg","datePublished":"2024-07-19T10:03:04+00:00","dateModified":"2024-11-05T13:26:25+00:00","description":"A l'occasion de la 10 \u00e8me \u00e9dition de Med Sevens d\u00e9couvrez notre maillot de basket sp\u00e9ciale Sea Sun and Sevens. Parfait pour l'\u00e9t\u00e9 !","breadcrumb":{"@id":"https:\/\/medsevens.fr\/produit\/maillot-de-basket-med-sevens\/#breadcrumb"},"inLanguage":"en-GB","potentialAction":[{"@type":"ReadAction","target":["https:\/\/medsevens.fr\/produit\/maillot-de-basket-med-sevens\/"]}]},{"@type":"ImageObject","inLanguage":"en-GB","@id":"https:\/\/medsevens.fr\/produit\/maillot-de-basket-med-sevens\/#primaryimage","url":"https:\/\/medsevens.fr\/wp-content\/uploads\/2024\/07\/DSC00021-scaled.jpg","contentUrl":"https:\/\/medsevens.fr\/wp-content\/uploads\/2024\/07\/DSC00021-scaled.jpg","width":2192,"height":2560,"caption":"Maillot Basket Med Sevens"},{"@type":"BreadcrumbList","@id":"https:\/\/medsevens.fr\/produit\/maillot-de-basket-med-sevens\/#breadcrumb","itemListElement":[{"@type":"ListItem","position":1,"name":"Home","item":"https:\/\/medsevens.fr\/"},{"@type":"ListItem","position":2,"name":"Boutique","item":"https:\/\/medsevens.fr\/boutique\/"},{"@type":"ListItem","position":3,"name":"Maillot de Basket Med Sevens"}]},{"@type":"WebSite","@id":"https:\/\/medsevens.fr\/#website","url":"https:\/\/medsevens.fr\/","name":"Esprit Sud Sevens","description":"Sea, Sun and Sevens","publisher":{"@id":"https:\/\/medsevens.fr\/#organization"},"potentialAction":[{"@type":"SearchAction","target":{"@type":"EntryPoint","urlTemplate":"https:\/\/medsevens.fr\/?s={search_term_string}"},"query-input":{"@type":"PropertyValueSpecification","valueRequired":true,"valueName":"search_term_string"}}],"inLanguage":"en-GB"},{"@type":"Organization","@id":"https:\/\/medsevens.fr\/#organization","name":"Esprit Sud Sevenes","url":"https:\/\/medsevens.fr\/","logo":{"@type":"ImageObject","inLanguage":"en-GB","@id":"https:\/\/medsevens.fr\/#\/schema\/logo\/image\/","url":"https:\/\/medsevens.fr\/wp-content\/uploads\/2020\/04\/Sans-titre-1.png","contentUrl":"https:\/\/medsevens.fr\/wp-content\/uploads\/2020\/04\/Sans-titre-1.png","width":150,"height":150,"caption":"Esprit Sud Sevenes"},"image":{"@id":"https:\/\/medsevens.fr\/#\/schema\/logo\/image\/"},"sameAs":["https:\/\/www.facebook.com\/espritsudsevens\/","https:\/\/x.com\/espritsud7","https:\/\/www.instagram.com\/espritsudsevens\/","https:\/\/www.linkedin.com\/company\/46645187\/","https:\/\/www.youtube.com\/channel\/UCLxo6q7LE_zP7fVXGtgvvtQ"]}]}},"jetpack_sharing_enabled":true,"_links":{"self":[{"href":"https:\/\/medsevens.fr\/en\/wp-json\/wp\/v2\/product\/7385","targetHints":{"allow":["GET"]}}],"collection":[{"href":"https:\/\/medsevens.fr\/en\/wp-json\/wp\/v2\/product"}],"about":[{"href":"https:\/\/medsevens.fr\/en\/wp-json\/wp\/v2\/types\/product"}],"replies":[{"embeddable":true,"href":"https:\/\/medsevens.fr\/en\/wp-json\/wp\/v2\/comments?post=7385"}],"wp:featuredmedia":[{"embeddable":true,"href":"https:\/\/medsevens.fr\/en\/wp-json\/wp\/v2\/media\/7387"}],"wp:attachment":[{"href":"https:\/\/medsevens.fr\/en\/wp-json\/wp\/v2\/media?parent=7385"}],"wp:term":[{"taxonomy":"product_brand","embeddable":true,"href":"https:\/\/medsevens.fr\/en\/wp-json\/wp\/v2\/product_brand?post=7385"},{"taxonomy":"product_cat","embeddable":true,"href":"https:\/\/medsevens.fr\/en\/wp-json\/wp\/v2\/product_cat?post=7385"},{"taxonomy":"product_tag","embeddable":true,"href":"https:\/\/medsevens.fr\/en\/wp-json\/wp\/v2\/product_tag?post=7385"}],"curies":[{"name":"wp","href":"https:\/\/api.w.org\/{rel}","templated":true}]}}